{"id":3926,"date":"2025-11-07T12:58:35","date_gmt":"2025-11-07T12:58:35","guid":{"rendered":"https:\/\/shapetek.pt\/?page_id=3926"},"modified":"2025-11-19T10:48:45","modified_gmt":"2025-11-19T10:48:45","slug":"news","status":"publish","type":"page","link":"https:\/\/shapetek.pt\/en\/news\/","title":{"rendered":"News"},"content":{"rendered":"\t\t<div data-elementor-type=\"wp-page\" data-elementor-id=\"3926\" class=\"elementor elementor-3926 elementor-3584\">\n\t\t\t\t<div class=\"elementor-element elementor-element-3daa98c e-flex e-con-boxed elementor-invisible e-con e-parent\" data-id=\"3daa98c\" data-element_type=\"container\" data-e-type=\"container\" data-settings=\"{&quot;animation&quot;:&quot;fadeInUp&quot;,&quot;animation_delay&quot;:&quot;600&quot;}\">\n\t\t\t\t\t<div class=\"e-con-inner\">\n\t\t\t\t<div class=\"elementor-element elementor-element-7433679 elementor-widget elementor-widget-wdt-blog-posts\" data-id=\"7433679\" data-element_type=\"widget\" data-e-type=\"widget\" data-settings=\"{&quot;wdt_animation_effect&quot;:&quot;none&quot;}\" data-widget_type=\"wdt-blog-posts.default\">\n\t\t\t\t<div class=\"elementor-widget-container\">\n\t\t\t\t\t<div class=\"wdt-posts-list-wrapper  wdt-post-list-carousel-7433679\" ><div class='tpl-blog-holder  apply-isotope '><div class='grid-sizer  entry-grid-layout wdt-simple-style wdt-fadeinright-hover wdt-default-overlay alignnone column wdt-one-third wdt-post-entry '><\/div><div class=\" entry-grid-layout wdt-simple-style wdt-fadeinright-hover wdt-default-overlay alignnone column wdt-one-third wdt-post-entry  \"><article id=\"post-4085\" class=\"post-4085 post type-post status-publish format-standard has-post-thumbnail hentry category-sem-categoria blog-entry\">\r\n<div class=\"entry-media-group\">\r\n\r\n\t<!-- Featured Image -->\r\n\t<div class=\"entry-thumb\">\r\n\t\t\r\n\t\t<a href=\"https:\/\/shapetek.pt\/en\/all-set-for-exposalao-2025\/\" title=\"Permalink to All set for EXPOSAL\u00c3O 2025!\">\r\n\t\t\t<img fetchpriority=\"high\" decoding=\"async\" width=\"2560\" height=\"2560\" src=\"https:\/\/shapetek.pt\/wp-content\/uploads\/2025\/11\/1escuro-copy-scaled.png\" class=\"attachment-wdt-blog-iii-column size-wdt-blog-iii-column wp-post-image\" alt=\"\" srcset=\"https:\/\/shapetek.pt\/wp-content\/uploads\/2025\/11\/1escuro-copy-scaled.png 2560w, https:\/\/shapetek.pt\/wp-content\/uploads\/2025\/11\/1escuro-copy-300x300.png 300w, https:\/\/shapetek.pt\/wp-content\/uploads\/2025\/11\/1escuro-copy-1024x1024.png 1024w, https:\/\/shapetek.pt\/wp-content\/uploads\/2025\/11\/1escuro-copy-150x150.png 150w, https:\/\/shapetek.pt\/wp-content\/uploads\/2025\/11\/1escuro-copy-768x768.png 768w, https:\/\/shapetek.pt\/wp-content\/uploads\/2025\/11\/1escuro-copy-1536x1536.png 1536w, https:\/\/shapetek.pt\/wp-content\/uploads\/2025\/11\/1escuro-copy-2048x2048.png 2048w, https:\/\/shapetek.pt\/wp-content\/uploads\/2025\/11\/1escuro-copy-1000x1000.png 1000w, https:\/\/shapetek.pt\/wp-content\/uploads\/2025\/11\/1escuro-copy-100x100.png 100w\" sizes=\"(max-width: 2560px) 100vw, 2560px\" \/>\t\t<\/a>\t<\/div><div class=\"entry-thumb-content\"><\/div><\/div><div class=\"entry-content-group\"><div class=\"entry-meta-group\">\r\n<!-- Entry Categories -->\r\n<div class=\"entry-categories\"><i class=\"icon-ash-icon\"> <\/i><a href=\"https:\/\/shapetek.pt\/en\/category\/sem-categoria\/\">Sem categoria<\/a><\/div><!-- Entry Categories -->\r\n<!-- Entry Date -->\r\n<div class=\"entry-date\">\r\n\t<i class=\"wdticon-calendar\"> <\/i>\r\n\tNovember 12, 2025<\/div><!-- Entry Date --><\/div>\r\n<!-- Entry Title -->\r\n<div class=\"entry-title\">\r\n\t<h4>    \t<a href=\"https:\/\/shapetek.pt\/en\/all-set-for-exposalao-2025\/\" title=\"Permalink to All set for EXPOSAL\u00c3O 2025!\">All set for EXPOSAL\u00c3O 2025!<\/a>\r\n\t<\/h4>\r\n<\/div><!-- Entry Title -->\r\n\t<div class=\"entry-body\"><p>EXPOSAL\u00c3O BATALHA Stand 2C10 Everything is ready to welcome you! From November 13 to 15, 2025, we will be...<\/p><\/div>\r\n\r\n<!-- Entry Button --><div class=\"entry-button wdt-core-button\"><a href=\"https:\/\/shapetek.pt\/en\/all-set-for-exposalao-2025\/\" title=\"All set for EXPOSAL\u00c3O 2025!\" class=\"wdt-button\"><span class=\"entry-button-text\">Read More<\/span><span><svg xmlns=\"http:\/\/www.w3.org\/2000\/svg\" viewBox=\"0 0 100 100\"><path d=\"M29.8,51.9L3.2,84.2c-1.8,2.2,0.4,5.8,2.7,4.2l20.4-14.2l31.6-21.9c1.5-1,1.5-3.6,0-4.7L26.3,25.7L5.9,11.5 c-2.3-1.6-4.6,2-2.7,4.2l26.6,32.3C30.7,49.2,30.7,50.8,29.8,51.9z M68.3,51.9L41.7,84.2c-1.8,2.2,0.4,5.8,2.7,4.2l20.4-14.2 l31.6-21.9c1.5-1,1.5-3.6,0-4.7L64.8,25.7L44.4,11.5c-2.3-1.6-4.6,2-2.7,4.2l26.6,32.3C69.2,49.2,69.2,50.8,68.3,51.9L68.3,51.9z\"><\/path><\/svg><\/span><\/a><\/div><!-- Entry Button --><\/div><\/article><\/div><div class=\" entry-grid-layout wdt-simple-style wdt-fadeinright-hover wdt-default-overlay alignnone column wdt-one-third wdt-post-entry  \"><article id=\"post-4090\" class=\"post-4090 post type-post status-publish format-standard has-post-thumbnail hentry category-sem-categoria blog-entry\">\r\n<div class=\"entry-media-group\">\r\n\r\n\t<!-- Featured Image -->\r\n\t<div class=\"entry-thumb\">\r\n\t\t\r\n\t\t<a href=\"https:\/\/shapetek.pt\/en\/shapetek-celebrates-10-years-of-innovation\/\" title=\"Permalink to Shapetek Celebrates 10 Years of Innovation\">\r\n\t\t\t<img fetchpriority=\"high\" decoding=\"async\" width=\"2560\" height=\"2560\" src=\"https:\/\/shapetek.pt\/wp-content\/uploads\/2025\/11\/1escuro-copy-scaled.png\" class=\"attachment-wdt-blog-iii-column size-wdt-blog-iii-column wp-post-image\" alt=\"\" srcset=\"https:\/\/shapetek.pt\/wp-content\/uploads\/2025\/11\/1escuro-copy-scaled.png 2560w, https:\/\/shapetek.pt\/wp-content\/uploads\/2025\/11\/1escuro-copy-300x300.png 300w, https:\/\/shapetek.pt\/wp-content\/uploads\/2025\/11\/1escuro-copy-1024x1024.png 1024w, https:\/\/shapetek.pt\/wp-content\/uploads\/2025\/11\/1escuro-copy-150x150.png 150w, https:\/\/shapetek.pt\/wp-content\/uploads\/2025\/11\/1escuro-copy-768x768.png 768w, https:\/\/shapetek.pt\/wp-content\/uploads\/2025\/11\/1escuro-copy-1536x1536.png 1536w, https:\/\/shapetek.pt\/wp-content\/uploads\/2025\/11\/1escuro-copy-2048x2048.png 2048w, https:\/\/shapetek.pt\/wp-content\/uploads\/2025\/11\/1escuro-copy-1000x1000.png 1000w, https:\/\/shapetek.pt\/wp-content\/uploads\/2025\/11\/1escuro-copy-100x100.png 100w\" sizes=\"(max-width: 2560px) 100vw, 2560px\" \/>\t\t<\/a>\t<\/div><div class=\"entry-thumb-content\"><\/div><\/div><div class=\"entry-content-group\"><div class=\"entry-meta-group\">\r\n<!-- Entry Categories -->\r\n<div class=\"entry-categories\"><i class=\"icon-ash-icon\"> <\/i><a href=\"https:\/\/shapetek.pt\/en\/category\/sem-categoria\/\">Sem categoria<\/a><\/div><!-- Entry Categories -->\r\n<!-- Entry Date -->\r\n<div class=\"entry-date\">\r\n\t<i class=\"wdticon-calendar\"> <\/i>\r\n\tNovember 9, 2025<\/div><!-- Entry Date --><\/div>\r\n<!-- Entry Title -->\r\n<div class=\"entry-title\">\r\n\t<h4>    \t<a href=\"https:\/\/shapetek.pt\/en\/shapetek-celebrates-10-years-of-innovation\/\" title=\"Permalink to Shapetek Celebrates 10 Years of Innovation\">Shapetek Celebrates 10 Years of Innovation<\/a>\r\n\t<\/h4>\r\n<\/div><!-- Entry Title -->\r\n\t<div class=\"entry-body\"><p>10 Years of Shapetek: A Decade of Precision and Quality Today, Shapetek celebrates its 10th anniversary! Over the past...<\/p><\/div>\r\n\r\n<!-- Entry Button --><div class=\"entry-button wdt-core-button\"><a href=\"https:\/\/shapetek.pt\/en\/shapetek-celebrates-10-years-of-innovation\/\" title=\"Shapetek Celebrates 10 Years of Innovation\" class=\"wdt-button\"><span class=\"entry-button-text\">Read More<\/span><span><svg xmlns=\"http:\/\/www.w3.org\/2000\/svg\" viewBox=\"0 0 100 100\"><path d=\"M29.8,51.9L3.2,84.2c-1.8,2.2,0.4,5.8,2.7,4.2l20.4-14.2l31.6-21.9c1.5-1,1.5-3.6,0-4.7L26.3,25.7L5.9,11.5 c-2.3-1.6-4.6,2-2.7,4.2l26.6,32.3C30.7,49.2,30.7,50.8,29.8,51.9z M68.3,51.9L41.7,84.2c-1.8,2.2,0.4,5.8,2.7,4.2l20.4-14.2 l31.6-21.9c1.5-1,1.5-3.6,0-4.7L64.8,25.7L44.4,11.5c-2.3-1.6-4.6,2-2.7,4.2l26.6,32.3C69.2,49.2,69.2,50.8,68.3,51.9L68.3,51.9z\"><\/path><\/svg><\/span><\/a><\/div><!-- Entry Button --><\/div><\/article><\/div><div class=\" entry-grid-layout wdt-simple-style wdt-fadeinright-hover wdt-default-overlay alignnone column wdt-one-third wdt-post-entry  \"><article id=\"post-4097\" class=\"post-4097 post type-post status-publish format-standard has-post-thumbnail hentry category-sem-categoria blog-entry\">\r\n<div class=\"entry-media-group\">\r\n\r\n\t<!-- Featured Image -->\r\n\t<div class=\"entry-thumb\">\r\n\t\t\r\n\t\t<a href=\"https:\/\/shapetek.pt\/en\/exposalao-batalha\/\" title=\"Permalink to EXPOSAL\u00c3O Batalha\">\r\n\t\t\t<img decoding=\"async\" width=\"600\" height=\"600\" src=\"https:\/\/shapetek.pt\/wp-content\/uploads\/2025\/11\/Stand-2C10.png\" class=\"attachment-wdt-blog-iii-column size-wdt-blog-iii-column wp-post-image\" alt=\"\" srcset=\"https:\/\/shapetek.pt\/wp-content\/uploads\/2025\/11\/Stand-2C10.png 600w, https:\/\/shapetek.pt\/wp-content\/uploads\/2025\/11\/Stand-2C10-300x300.png 300w, https:\/\/shapetek.pt\/wp-content\/uploads\/2025\/11\/Stand-2C10-150x150.png 150w, https:\/\/shapetek.pt\/wp-content\/uploads\/2025\/11\/Stand-2C10-100x100.png 100w\" sizes=\"(max-width: 600px) 100vw, 600px\" \/>\t\t<\/a>\t<\/div><div class=\"entry-thumb-content\"><\/div><\/div><div class=\"entry-content-group\"><div class=\"entry-meta-group\">\r\n<!-- Entry Categories -->\r\n<div class=\"entry-categories\"><i class=\"icon-ash-icon\"> <\/i><a href=\"https:\/\/shapetek.pt\/en\/category\/sem-categoria\/\">Sem categoria<\/a><\/div><!-- Entry Categories -->\r\n<!-- Entry Date -->\r\n<div class=\"entry-date\">\r\n\t<i class=\"wdticon-calendar\"> <\/i>\r\n\tNovember 6, 2025<\/div><!-- Entry Date --><\/div>\r\n<!-- Entry Title -->\r\n<div class=\"entry-title\">\r\n\t<h4>    \t<a href=\"https:\/\/shapetek.pt\/en\/exposalao-batalha\/\" title=\"Permalink to EXPOSAL\u00c3O Batalha\">EXPOSAL\u00c3O Batalha<\/a>\r\n\t<\/h4>\r\n<\/div><!-- Entry Title -->\r\n\t<div class=\"entry-body\"><p>From November 13 to 15, 2025, Shapetek at EXPOSAL\u00c3O From November 13 to 15, 2025, we will be at...<\/p><\/div>\r\n\r\n<!-- Entry Button --><div class=\"entry-button wdt-core-button\"><a href=\"https:\/\/shapetek.pt\/en\/exposalao-batalha\/\" title=\"EXPOSAL\u00c3O Batalha\" class=\"wdt-button\"><span class=\"entry-button-text\">Read More<\/span><span><svg xmlns=\"http:\/\/www.w3.org\/2000\/svg\" viewBox=\"0 0 100 100\"><path d=\"M29.8,51.9L3.2,84.2c-1.8,2.2,0.4,5.8,2.7,4.2l20.4-14.2l31.6-21.9c1.5-1,1.5-3.6,0-4.7L26.3,25.7L5.9,11.5 c-2.3-1.6-4.6,2-2.7,4.2l26.6,32.3C30.7,49.2,30.7,50.8,29.8,51.9z M68.3,51.9L41.7,84.2c-1.8,2.2,0.4,5.8,2.7,4.2l20.4-14.2 l31.6-21.9c1.5-1,1.5-3.6,0-4.7L64.8,25.7L44.4,11.5c-2.3-1.6-4.6,2-2.7,4.2l26.6,32.3C69.2,49.2,69.2,50.8,68.3,51.9L68.3,51.9z\"><\/path><\/svg><\/span><\/a><\/div><!-- Entry Button --><\/div><\/article><\/div><div class=\" entry-grid-layout wdt-simple-style wdt-fadeinright-hover wdt-default-overlay alignnone column wdt-one-third wdt-post-entry  \"><article id=\"post-4108\" class=\"post-4108 post type-post status-publish format-standard has-post-thumbnail hentry category-sem-categoria blog-entry\">\r\n<div class=\"entry-media-group\">\r\n\r\n\t<!-- Featured Image -->\r\n\t<div class=\"entry-thumb\">\r\n\t\t\r\n\t\t<a href=\"https:\/\/shapetek.pt\/en\/shapetek-hosts-fst-lisbon\/\" title=\"Permalink to Shapetek Hosts FST Lisbon\">\r\n\t\t\t<img decoding=\"async\" width=\"2048\" height=\"1536\" src=\"https:\/\/shapetek.pt\/wp-content\/uploads\/2025\/11\/Foto-1-2.jpg\" class=\"attachment-wdt-blog-iii-column size-wdt-blog-iii-column wp-post-image\" alt=\"\" srcset=\"https:\/\/shapetek.pt\/wp-content\/uploads\/2025\/11\/Foto-1-2.jpg 2048w, https:\/\/shapetek.pt\/wp-content\/uploads\/2025\/11\/Foto-1-2-300x225.jpg 300w, https:\/\/shapetek.pt\/wp-content\/uploads\/2025\/11\/Foto-1-2-1024x768.jpg 1024w, https:\/\/shapetek.pt\/wp-content\/uploads\/2025\/11\/Foto-1-2-768x576.jpg 768w, https:\/\/shapetek.pt\/wp-content\/uploads\/2025\/11\/Foto-1-2-1536x1152.jpg 1536w, https:\/\/shapetek.pt\/wp-content\/uploads\/2025\/11\/Foto-1-2-1000x750.jpg 1000w\" sizes=\"(max-width: 2048px) 100vw, 2048px\" \/>\t\t<\/a>\t<\/div><div class=\"entry-thumb-content\"><\/div><\/div><div class=\"entry-content-group\"><div class=\"entry-meta-group\">\r\n<!-- Entry Categories -->\r\n<div class=\"entry-categories\"><i class=\"icon-ash-icon\"> <\/i><a href=\"https:\/\/shapetek.pt\/en\/category\/sem-categoria\/\">Sem categoria<\/a><\/div><!-- Entry Categories -->\r\n<!-- Entry Date -->\r\n<div class=\"entry-date\">\r\n\t<i class=\"wdticon-calendar\"> <\/i>\r\n\tSeptember 17, 2025<\/div><!-- Entry Date --><\/div>\r\n<!-- Entry Title -->\r\n<div class=\"entry-title\">\r\n\t<h4>    \t<a href=\"https:\/\/shapetek.pt\/en\/shapetek-hosts-fst-lisbon\/\" title=\"Permalink to Shapetek Hosts FST Lisbon\">Shapetek Hosts FST Lisbon<\/a>\r\n\t<\/h4>\r\n<\/div><!-- Entry Title -->\r\n\t<div class=\"entry-body\"><p>Shapetek welcomes the FST Lisbon team and supports the Formula Student 2025 project On September 17, 2025, we had...<\/p><\/div>\r\n\r\n<!-- Entry Button --><div class=\"entry-button wdt-core-button\"><a href=\"https:\/\/shapetek.pt\/en\/shapetek-hosts-fst-lisbon\/\" title=\"Shapetek Hosts FST Lisbon\" class=\"wdt-button\"><span class=\"entry-button-text\">Read More<\/span><span><svg xmlns=\"http:\/\/www.w3.org\/2000\/svg\" viewBox=\"0 0 100 100\"><path d=\"M29.8,51.9L3.2,84.2c-1.8,2.2,0.4,5.8,2.7,4.2l20.4-14.2l31.6-21.9c1.5-1,1.5-3.6,0-4.7L26.3,25.7L5.9,11.5 c-2.3-1.6-4.6,2-2.7,4.2l26.6,32.3C30.7,49.2,30.7,50.8,29.8,51.9z M68.3,51.9L41.7,84.2c-1.8,2.2,0.4,5.8,2.7,4.2l20.4-14.2 l31.6-21.9c1.5-1,1.5-3.6,0-4.7L64.8,25.7L44.4,11.5c-2.3-1.6-4.6,2-2.7,4.2l26.6,32.3C69.2,49.2,69.2,50.8,68.3,51.9L68.3,51.9z\"><\/path><\/svg><\/span><\/a><\/div><!-- Entry Button --><\/div><\/article><\/div><div class=\" entry-grid-layout wdt-simple-style wdt-fadeinright-hover wdt-default-overlay alignnone column wdt-one-third wdt-post-entry  \"><article id=\"post-4125\" class=\"post-4125 post type-post status-publish format-standard has-post-thumbnail hentry category-sem-categoria blog-entry\">\r\n<div class=\"entry-media-group\">\r\n\r\n\t<!-- Featured Image -->\r\n\t<div class=\"entry-thumb\">\r\n\t\t\r\n\t\t<a href=\"https:\/\/shapetek.pt\/en\/first-classic-car-meeting-2025\/\" title=\"Permalink to First Classic Car Meeting 2025\">\r\n\t\t\t<img loading=\"lazy\" decoding=\"async\" width=\"2000\" height=\"924\" src=\"https:\/\/shapetek.pt\/wp-content\/uploads\/2025\/09\/Foto-1.jpg\" class=\"attachment-wdt-blog-iii-column size-wdt-blog-iii-column wp-post-image\" alt=\"\" srcset=\"https:\/\/shapetek.pt\/wp-content\/uploads\/2025\/09\/Foto-1.jpg 2000w, https:\/\/shapetek.pt\/wp-content\/uploads\/2025\/09\/Foto-1-300x139.jpg 300w, https:\/\/shapetek.pt\/wp-content\/uploads\/2025\/09\/Foto-1-1024x473.jpg 1024w, https:\/\/shapetek.pt\/wp-content\/uploads\/2025\/09\/Foto-1-768x355.jpg 768w, https:\/\/shapetek.pt\/wp-content\/uploads\/2025\/09\/Foto-1-1536x710.jpg 1536w, https:\/\/shapetek.pt\/wp-content\/uploads\/2025\/09\/Foto-1-1000x462.jpg 1000w\" sizes=\"(max-width: 2000px) 100vw, 2000px\" \/>\t\t<\/a>\t<\/div><div class=\"entry-thumb-content\"><\/div><\/div><div class=\"entry-content-group\"><div class=\"entry-meta-group\">\r\n<!-- Entry Categories -->\r\n<div class=\"entry-categories\"><i class=\"icon-ash-icon\"> <\/i><a href=\"https:\/\/shapetek.pt\/en\/category\/sem-categoria\/\">Sem categoria<\/a><\/div><!-- Entry Categories -->\r\n<!-- Entry Date -->\r\n<div class=\"entry-date\">\r\n\t<i class=\"wdticon-calendar\"> <\/i>\r\n\tAugust 15, 2025<\/div><!-- Entry Date --><\/div>\r\n<!-- Entry Title -->\r\n<div class=\"entry-title\">\r\n\t<h4>    \t<a href=\"https:\/\/shapetek.pt\/en\/first-classic-car-meeting-2025\/\" title=\"Permalink to First Classic Car Meeting 2025\">First Classic Car Meeting 2025<\/a>\r\n\t<\/h4>\r\n<\/div><!-- Entry Title -->\r\n\t<div class=\"entry-body\"><p>First Classic Car Meeting 2025: Reliving the Past with the 1971 Austin Mini On 15\/08\/2025, we held our very...<\/p><\/div>\r\n\r\n<!-- Entry Button --><div class=\"entry-button wdt-core-button\"><a href=\"https:\/\/shapetek.pt\/en\/first-classic-car-meeting-2025\/\" title=\"First Classic Car Meeting 2025\" class=\"wdt-button\"><span class=\"entry-button-text\">Read More<\/span><span><svg xmlns=\"http:\/\/www.w3.org\/2000\/svg\" viewBox=\"0 0 100 100\"><path d=\"M29.8,51.9L3.2,84.2c-1.8,2.2,0.4,5.8,2.7,4.2l20.4-14.2l31.6-21.9c1.5-1,1.5-3.6,0-4.7L26.3,25.7L5.9,11.5 c-2.3-1.6-4.6,2-2.7,4.2l26.6,32.3C30.7,49.2,30.7,50.8,29.8,51.9z M68.3,51.9L41.7,84.2c-1.8,2.2,0.4,5.8,2.7,4.2l20.4-14.2 l31.6-21.9c1.5-1,1.5-3.6,0-4.7L64.8,25.7L44.4,11.5c-2.3-1.6-4.6,2-2.7,4.2l26.6,32.3C69.2,49.2,69.2,50.8,68.3,51.9L68.3,51.9z\"><\/path><\/svg><\/span><\/a><\/div><!-- Entry Button --><\/div><\/article><\/div><\/div><div class=\"pagination blog-pagination\"><\/div><\/div>\t\t\t\t<\/div>\n\t\t\t\t<\/div>\n\t\t\t\t\t<\/div>\n\t\t\t\t<\/div>\n\t\t\t\t<\/div>\n\t\t","protected":false},"excerpt":{"rendered":"<p>Shapetek Novembro 12, 2025 Tudo a postos para a EXPOSAL\u00c3O 2025! Mais do que carros, este encontro foi um momento de conviv\u00eancia e troca de experi\u00eancias, n\u00e3o s\u00f3 a n\u00edvel&#8230; Read More Shapetek Novembro 9, 2025 Shapetek celebra 10 anos de inova\u00e7\u00e3o Mais do que carros, este encontro foi um momento de conviv\u00eancia e troca [&hellip;]<\/p>\n","protected":false},"author":2,"featured_media":0,"parent":0,"menu_order":0,"comment_status":"closed","ping_status":"closed","template":"elementor_header_footer","meta":{"footnotes":""},"class_list":["post-3926","page","type-page","status-publish","hentry","format-standard"],"_links":{"self":[{"href":"https:\/\/shapetek.pt\/en\/wp-json\/wp\/v2\/pages\/3926","targetHints":{"allow":["GET"]}}],"collection":[{"href":"https:\/\/shapetek.pt\/en\/wp-json\/wp\/v2\/pages"}],"about":[{"href":"https:\/\/shapetek.pt\/en\/wp-json\/wp\/v2\/types\/page"}],"author":[{"embeddable":true,"href":"https:\/\/shapetek.pt\/en\/wp-json\/wp\/v2\/users\/2"}],"replies":[{"embeddable":true,"href":"https:\/\/shapetek.pt\/en\/wp-json\/wp\/v2\/comments?post=3926"}],"version-history":[{"count":0,"href":"https:\/\/shapetek.pt\/en\/wp-json\/wp\/v2\/pages\/3926\/revisions"}],"wp:attachment":[{"href":"https:\/\/shapetek.pt\/en\/wp-json\/wp\/v2\/media?parent=3926"}],"curies":[{"name":"wp","href":"https:\/\/api.w.org\/{rel}","templated":true}]}}